{"id":6264,"date":"2022-04-14T15:47:25","date_gmt":"2022-04-14T13:47:25","guid":{"rendered":"https:\/\/rivershop.fr\/?post_type=product&#038;p=6264"},"modified":"2023-01-04T15:26:49","modified_gmt":"2023-01-04T14:26:49","slug":"location-pedalos-1h30","status":"publish","type":"product","link":"https:\/\/rivershop.fr\/?product=location-pedalos-1h30","title":{"rendered":"2. Location p\u00e9dalos 1h30"},"content":{"rendered":"<p>La location comprend un gilet de sauvetage par personne.<\/p>\n","protected":false},"excerpt":{"rendered":"<p>Location p\u00e9dalos 1h30<\/p>\n","protected":false},"featured_media":6572,"comment_status":"open","ping_status":"closed","template":"","meta":[],"product_brand":[],"product_cat":[18],"product_tag":[],"class_list":{"0":"post-6264","1":"product","2":"type-product","3":"status-publish","4":"has-post-thumbnail","6":"product_cat-boutique-produits","8":"first","9":"instock","10":"taxable","11":"shipping-taxable","12":"purchasable","13":"product-type-variable"},"yoast_head":"<!-- This site is optimized with the Yoast SEO plugin v27.4 - https:\/\/yoast.com\/product\/yoast-seo-wordpress\/ -->\n<title>2. Location p\u00e9dalos 1h30 - Rivershop<\/title>\n<meta name=\"description\" content=\"Venez profiter de la location p\u00e9dalos sur la rivi\u00e8re d&#039;Ain, possibilit\u00e9s de r\u00e9server votre embarcation pour 1h30\/demi journ\u00e9e\/journ\u00e9e !\" \/>\n<meta name=\"robots\" content=\"index, follow, max-snippet:-1, max-image-preview:large, max-video-preview:-1\" \/>\n<link rel=\"canonical\" href=\"https:\/\/rivershop.fr\/?product=location-pedalos-1h30\" \/>\n<meta property=\"og:locale\" content=\"fr_FR\" \/>\n<meta property=\"og:type\" content=\"article\" \/>\n<meta property=\"og:title\" content=\"2. Location p\u00e9dalos 1h30 - Rivershop\" \/>\n<meta property=\"og:description\" content=\"Venez profiter de la location p\u00e9dalos sur la rivi\u00e8re d&#039;Ain, possibilit\u00e9s de r\u00e9server votre embarcation pour 1h30\/demi journ\u00e9e\/journ\u00e9e !\" \/>\n<meta property=\"og:url\" content=\"https:\/\/rivershop.fr\/?product=location-pedalos-1h30\" \/>\n<meta property=\"og:site_name\" content=\"Rivershop\" \/>\n<meta property=\"article:modified_time\" content=\"2023-01-04T14:26:49+00:00\" \/>\n<meta property=\"og:image\" content=\"https:\/\/rivershop.fr\/wp-content\/uploads\/2022\/07\/IMG_0695-scaled.jpeg\" \/>\n\t<meta property=\"og:image:width\" content=\"2560\" \/>\n\t<meta property=\"og:image:height\" content=\"1920\" \/>\n\t<meta property=\"og:image:type\" content=\"image\/jpeg\" \/>\n<meta name=\"twitter:card\" content=\"summary_large_image\" \/>\n<meta name=\"twitter:label1\" content=\"Dur\u00e9e de lecture estim\u00e9e\" \/>\n\t<meta name=\"twitter:data1\" content=\"1 minute\" \/>\n<script type=\"application\/ld+json\" class=\"yoast-schema-graph\">{\"@context\":\"https:\\\/\\\/schema.org\",\"@graph\":[{\"@type\":\"WebPage\",\"@id\":\"https:\\\/\\\/rivershop.fr\\\/?product=location-pedalos-1h30\",\"url\":\"https:\\\/\\\/rivershop.fr\\\/?product=location-pedalos-1h30\",\"name\":\"2. Location p\u00e9dalos 1h30 - Rivershop\",\"isPartOf\":{\"@id\":\"https:\\\/\\\/rivershop.fr\\\/#website\"},\"primaryImageOfPage\":{\"@id\":\"https:\\\/\\\/rivershop.fr\\\/?product=location-pedalos-1h30#primaryimage\"},\"image\":{\"@id\":\"https:\\\/\\\/rivershop.fr\\\/?product=location-pedalos-1h30#primaryimage\"},\"thumbnailUrl\":\"https:\\\/\\\/rivershop.fr\\\/wp-content\\\/uploads\\\/2022\\\/07\\\/IMG_0695-scaled.jpeg\",\"datePublished\":\"2022-04-14T13:47:25+00:00\",\"dateModified\":\"2023-01-04T14:26:49+00:00\",\"description\":\"Venez profiter de la location p\u00e9dalos sur la rivi\u00e8re d'Ain, possibilit\u00e9s de r\u00e9server votre embarcation pour 1h30\\\/demi journ\u00e9e\\\/journ\u00e9e !\",\"breadcrumb\":{\"@id\":\"https:\\\/\\\/rivershop.fr\\\/?product=location-pedalos-1h30#breadcrumb\"},\"inLanguage\":\"fr-FR\",\"potentialAction\":[{\"@type\":\"ReadAction\",\"target\":[\"https:\\\/\\\/rivershop.fr\\\/?product=location-pedalos-1h30\"]}]},{\"@type\":\"ImageObject\",\"inLanguage\":\"fr-FR\",\"@id\":\"https:\\\/\\\/rivershop.fr\\\/?product=location-pedalos-1h30#primaryimage\",\"url\":\"https:\\\/\\\/rivershop.fr\\\/wp-content\\\/uploads\\\/2022\\\/07\\\/IMG_0695-scaled.jpeg\",\"contentUrl\":\"https:\\\/\\\/rivershop.fr\\\/wp-content\\\/uploads\\\/2022\\\/07\\\/IMG_0695-scaled.jpeg\",\"width\":2560,\"height\":1920,\"caption\":\"Location p\u00e9dalos\"},{\"@type\":\"BreadcrumbList\",\"@id\":\"https:\\\/\\\/rivershop.fr\\\/?product=location-pedalos-1h30#breadcrumb\",\"itemListElement\":[{\"@type\":\"ListItem\",\"position\":1,\"name\":\"Accueil\",\"item\":\"https:\\\/\\\/rivershop.fr\\\/\"},{\"@type\":\"ListItem\",\"position\":2,\"name\":\"Boutique\",\"item\":\"https:\\\/\\\/rivershop.fr\\\/?page_id=6270\"},{\"@type\":\"ListItem\",\"position\":3,\"name\":\"2. Location p\u00e9dalos 1h30\"}]},{\"@type\":\"WebSite\",\"@id\":\"https:\\\/\\\/rivershop.fr\\\/#website\",\"url\":\"https:\\\/\\\/rivershop.fr\\\/\",\"name\":\"Rivershop\",\"description\":\"Terre d&#039;aventures\",\"publisher\":{\"@id\":\"https:\\\/\\\/rivershop.fr\\\/#organization\"},\"potentialAction\":[{\"@type\":\"SearchAction\",\"target\":{\"@type\":\"EntryPoint\",\"urlTemplate\":\"https:\\\/\\\/rivershop.fr\\\/?s={search_term_string}\"},\"query-input\":{\"@type\":\"PropertyValueSpecification\",\"valueRequired\":true,\"valueName\":\"search_term_string\"}}],\"inLanguage\":\"fr-FR\"},{\"@type\":\"Organization\",\"@id\":\"https:\\\/\\\/rivershop.fr\\\/#organization\",\"name\":\"RIVERSHOP\",\"url\":\"https:\\\/\\\/rivershop.fr\\\/\",\"logo\":{\"@type\":\"ImageObject\",\"inLanguage\":\"fr-FR\",\"@id\":\"https:\\\/\\\/rivershop.fr\\\/#\\\/schema\\\/logo\\\/image\\\/\",\"url\":\"https:\\\/\\\/rivershop.fr\\\/wp-content\\\/uploads\\\/2022\\\/04\\\/Bleu.png\",\"contentUrl\":\"https:\\\/\\\/rivershop.fr\\\/wp-content\\\/uploads\\\/2022\\\/04\\\/Bleu.png\",\"width\":1422,\"height\":725,\"caption\":\"RIVERSHOP\"},\"image\":{\"@id\":\"https:\\\/\\\/rivershop.fr\\\/#\\\/schema\\\/logo\\\/image\\\/\"}}]}<\/script>\n<!-- \/ Yoast SEO plugin. -->","yoast_head_json":{"title":"2. Location p\u00e9dalos 1h30 - Rivershop","description":"Venez profiter de la location p\u00e9dalos sur la rivi\u00e8re d'Ain, possibilit\u00e9s de r\u00e9server votre embarcation pour 1h30\/demi journ\u00e9e\/journ\u00e9e !","robots":{"index":"index","follow":"follow","max-snippet":"max-snippet:-1","max-image-preview":"max-image-preview:large","max-video-preview":"max-video-preview:-1"},"canonical":"https:\/\/rivershop.fr\/?product=location-pedalos-1h30","og_locale":"fr_FR","og_type":"article","og_title":"2. Location p\u00e9dalos 1h30 - Rivershop","og_description":"Venez profiter de la location p\u00e9dalos sur la rivi\u00e8re d'Ain, possibilit\u00e9s de r\u00e9server votre embarcation pour 1h30\/demi journ\u00e9e\/journ\u00e9e !","og_url":"https:\/\/rivershop.fr\/?product=location-pedalos-1h30","og_site_name":"Rivershop","article_modified_time":"2023-01-04T14:26:49+00:00","og_image":[{"width":2560,"height":1920,"url":"https:\/\/rivershop.fr\/wp-content\/uploads\/2022\/07\/IMG_0695-scaled.jpeg","type":"image\/jpeg"}],"twitter_card":"summary_large_image","twitter_misc":{"Dur\u00e9e de lecture estim\u00e9e":"1 minute"},"schema":{"@context":"https:\/\/schema.org","@graph":[{"@type":"WebPage","@id":"https:\/\/rivershop.fr\/?product=location-pedalos-1h30","url":"https:\/\/rivershop.fr\/?product=location-pedalos-1h30","name":"2. Location p\u00e9dalos 1h30 - Rivershop","isPartOf":{"@id":"https:\/\/rivershop.fr\/#website"},"primaryImageOfPage":{"@id":"https:\/\/rivershop.fr\/?product=location-pedalos-1h30#primaryimage"},"image":{"@id":"https:\/\/rivershop.fr\/?product=location-pedalos-1h30#primaryimage"},"thumbnailUrl":"https:\/\/rivershop.fr\/wp-content\/uploads\/2022\/07\/IMG_0695-scaled.jpeg","datePublished":"2022-04-14T13:47:25+00:00","dateModified":"2023-01-04T14:26:49+00:00","description":"Venez profiter de la location p\u00e9dalos sur la rivi\u00e8re d'Ain, possibilit\u00e9s de r\u00e9server votre embarcation pour 1h30\/demi journ\u00e9e\/journ\u00e9e !","breadcrumb":{"@id":"https:\/\/rivershop.fr\/?product=location-pedalos-1h30#breadcrumb"},"inLanguage":"fr-FR","potentialAction":[{"@type":"ReadAction","target":["https:\/\/rivershop.fr\/?product=location-pedalos-1h30"]}]},{"@type":"ImageObject","inLanguage":"fr-FR","@id":"https:\/\/rivershop.fr\/?product=location-pedalos-1h30#primaryimage","url":"https:\/\/rivershop.fr\/wp-content\/uploads\/2022\/07\/IMG_0695-scaled.jpeg","contentUrl":"https:\/\/rivershop.fr\/wp-content\/uploads\/2022\/07\/IMG_0695-scaled.jpeg","width":2560,"height":1920,"caption":"Location p\u00e9dalos"},{"@type":"BreadcrumbList","@id":"https:\/\/rivershop.fr\/?product=location-pedalos-1h30#breadcrumb","itemListElement":[{"@type":"ListItem","position":1,"name":"Accueil","item":"https:\/\/rivershop.fr\/"},{"@type":"ListItem","position":2,"name":"Boutique","item":"https:\/\/rivershop.fr\/?page_id=6270"},{"@type":"ListItem","position":3,"name":"2. Location p\u00e9dalos 1h30"}]},{"@type":"WebSite","@id":"https:\/\/rivershop.fr\/#website","url":"https:\/\/rivershop.fr\/","name":"Rivershop","description":"Terre d&#039;aventures","publisher":{"@id":"https:\/\/rivershop.fr\/#organization"},"potentialAction":[{"@type":"SearchAction","target":{"@type":"EntryPoint","urlTemplate":"https:\/\/rivershop.fr\/?s={search_term_string}"},"query-input":{"@type":"PropertyValueSpecification","valueRequired":true,"valueName":"search_term_string"}}],"inLanguage":"fr-FR"},{"@type":"Organization","@id":"https:\/\/rivershop.fr\/#organization","name":"RIVERSHOP","url":"https:\/\/rivershop.fr\/","logo":{"@type":"ImageObject","inLanguage":"fr-FR","@id":"https:\/\/rivershop.fr\/#\/schema\/logo\/image\/","url":"https:\/\/rivershop.fr\/wp-content\/uploads\/2022\/04\/Bleu.png","contentUrl":"https:\/\/rivershop.fr\/wp-content\/uploads\/2022\/04\/Bleu.png","width":1422,"height":725,"caption":"RIVERSHOP"},"image":{"@id":"https:\/\/rivershop.fr\/#\/schema\/logo\/image\/"}}]}},"jetpack_sharing_enabled":true,"_links":{"self":[{"href":"https:\/\/rivershop.fr\/index.php?rest_route=\/wp\/v2\/product\/6264","targetHints":{"allow":["GET"]}}],"collection":[{"href":"https:\/\/rivershop.fr\/index.php?rest_route=\/wp\/v2\/product"}],"about":[{"href":"https:\/\/rivershop.fr\/index.php?rest_route=\/wp\/v2\/types\/product"}],"replies":[{"embeddable":true,"href":"https:\/\/rivershop.fr\/index.php?rest_route=%2Fwp%2Fv2%2Fcomments&post=6264"}],"wp:featuredmedia":[{"embeddable":true,"href":"https:\/\/rivershop.fr\/index.php?rest_route=\/wp\/v2\/media\/6572"}],"wp:attachment":[{"href":"https:\/\/rivershop.fr\/index.php?rest_route=%2Fwp%2Fv2%2Fmedia&parent=6264"}],"wp:term":[{"taxonomy":"product_brand","embeddable":true,"href":"https:\/\/rivershop.fr\/index.php?rest_route=%2Fwp%2Fv2%2Fproduct_brand&post=6264"},{"taxonomy":"product_cat","embeddable":true,"href":"https:\/\/rivershop.fr\/index.php?rest_route=%2Fwp%2Fv2%2Fproduct_cat&post=6264"},{"taxonomy":"product_tag","embeddable":true,"href":"https:\/\/rivershop.fr\/index.php?rest_route=%2Fwp%2Fv2%2Fproduct_tag&post=6264"}],"curies":[{"name":"wp","href":"https:\/\/api.w.org\/{rel}","templated":true}]}}