{"id":5855,"date":"2022-04-09T18:48:40","date_gmt":"2022-04-09T16:48:40","guid":{"rendered":"https:\/\/rivershop.fr\/?page_id=5855"},"modified":"2024-01-09T14:32:50","modified_gmt":"2024-01-09T13:32:50","slug":"speleologie-2","status":"publish","type":"page","link":"https:\/\/rivershop.fr\/?page_id=5855","title":{"rendered":"Sp\u00e9l\u00e9ologie"},"content":{"rendered":"<div data-colibri-id=\"5855-c1\" class=\"style-2066 style-local-5855-c1 position-relative\">\r\n  <!---->\r\n  <div data-colibri-component=\"section\" data-colibri-id=\"5855-c2\" id=\"about\" class=\"h-section h-section-global-spacing d-flex align-items-lg-center align-items-md-center align-items-center style-2067 style-local-5855-c2 position-relative\">\r\n    <!---->\r\n    <!---->\r\n    <div class=\"h-section-grid-container h-section-boxed-container\">\r\n      <div data-colibri-id=\"5855-c7\" class=\"h-row-container gutters-row-lg-2 gutters-row-md-2 gutters-row-2 gutters-row-v-lg-2 gutters-row-v-md-2 gutters-row-v-2 style-2072 style-local-5855-c7 position-relative\">\r\n        <!---->\r\n        <div class=\"h-row justify-content-lg-center justify-content-md-center justify-content-center align-items-lg-stretch align-items-md-stretch align-items-stretch gutters-col-lg-2 gutters-col-md-2 gutters-col-2 gutters-col-v-lg-2 gutters-col-v-md-2 gutters-col-v-2\">\r\n          <!---->\r\n          <div class=\"h-column h-column-container d-flex h-col-lg-auto h-col-md-auto h-col-auto style-2073-outer style-local-5855-c8-outer\">\r\n            <div data-colibri-id=\"5855-c8\" class=\"d-flex h-flex-basis h-column__inner h-px-lg-2 h-px-md-2 h-px-2 v-inner-lg-2 v-inner-md-2 v-inner-2 style-2073 style-local-5855-c8 position-relative\">\r\n              <!---->\r\n              <!---->\r\n              <div class=\"w-100 h-y-container h-column__content h-column__v-align flex-basis-100 align-self-lg-start align-self-md-start align-self-start\">\r\n                <!---->\r\n                <div data-colibri-id=\"5855-c9\" class=\"h-global-transition-all h-heading style-2074 style-local-5855-c9 position-relative h-element\">\r\n                  <!---->\r\n                  <div class=\"h-heading__outer style-2074 style-local-5855-c9\">\r\n                    <!---->\r\n                    <!---->\r\n                    <h5 class=\"\">Activit\u00e9s sportives loisirs encadr\u00e9es<\/h5>\r\n                  <\/div>\r\n                <\/div>\r\n                <div data-colibri-id=\"5855-c10\" class=\"h-global-transition-all h-heading style-2075 style-local-5855-c10 position-relative h-element\">\r\n                  <!---->\r\n                  <div class=\"h-heading__outer style-2075 style-local-5855-c10\">\r\n                    <!---->\r\n                    <!---->\r\n                    <h2 class=\"\">D\u00e9couvrez les myst\u00e8res de la&nbsp;<span style=\"font-family: &quot;Playfair Display&quot;; color: rgb(225, 194, 101);\">sp\u00e9l\u00e9ologie<\/span>&nbsp;en explorant les cavit\u00e9s souterraines !<\/h2>\r\n                  <\/div>\r\n                <\/div>\r\n                <div data-colibri-id=\"5855-c11\" class=\"h-lead h-text h-text-component style-2076 style-local-5855-c11 position-relative h-element\">\r\n                  <!---->\r\n                  <!---->\r\n                  <div class=\"\">\r\n                    <p>La sp\u00e9l\u00e9ologie consiste \u00e0 explorer ,\u00e9tudier et visiter les cavit\u00e9s souterraines, naturelles, ou artificielles. Encadr\u00e9es par un ou plusieurs guides dipl\u00f4m\u00e9s d&rsquo;\u00e9tat ils ne manqueront pas de vous faire d\u00e9couvrir tous les secrets de la\r\n                      sp\u00e9l\u00e9ologie .\r\n                      <br>\r\n                      <br><em><u>Plusieurs cavit\u00e9s vous sont proposez dans le d\u00e9partement de l&rsquo;Ain :<\/u><br><\/em>\r\n                      <br>-La grotte de Jujurieux d&rsquo;une longueur allant jusqu&rsquo;a 2500 m\u00e8tres&nbsp;\r\n                      <br>-La grotte du Crochet d&rsquo;une longueur allant jusqu&rsquo;a 8500 m\u00e8tres\r\n                      <br>-La grotte de Vaux Saint Supplice d&rsquo;une longueur allant jusqu&rsquo;a 4000 m\u00e8tres<\/p>\r\n                  <\/div>\r\n                <\/div>\r\n                <div data-colibri-id=\"5855-c12\" class=\"h-x-container style-2077 style-local-5855-c12 position-relative h-element\">\r\n                  <!---->\r\n                  <div class=\"h-x-container-inner style-dynamic-5855-c12-group style-2077-spacing style-local-5855-c12-spacing\"><span class=\"h-button__outer style-2078-outer style-local-5855-c13-outer d-inline-flex h-element\"><a h-use-smooth-scroll=\"true\" href=\"https:\/\/rivershop.fr\/?page_id=4275\" target=\"_blank\" data-colibri-id=\"5855-c13\" class=\"d-flex w-100 align-items-center h-button justify-content-lg-center justify-content-md-center justify-content-center style-2078 style-local-5855-c13 position-relative\" rel=\"noopener\"><!----><!----> <span>ContactEZ nous <\/span><\/a>\r\n                    <\/span>\r\n                  <\/div>\r\n                <\/div>\r\n              <\/div>\r\n            <\/div>\r\n          <\/div>\r\n        <\/div>\r\n      <\/div>\r\n      <div data-colibri-id=\"5855-c3\" class=\"h-row-container gutters-row-lg-0 gutters-row-md-0 gutters-row-0 gutters-row-v-lg-0 gutters-row-v-md-0 gutters-row-v-0 style-2068 style-local-5855-c3 h-overflow-hidden position-relative\">\r\n        <!---->\r\n        <div class=\"h-row justify-content-lg-center justify-content-md-center justify-content-center align-items-lg-end align-items-md-end align-items-end gutters-col-lg-0 gutters-col-md-0 gutters-col-0 gutters-col-v-lg-0 gutters-col-v-md-0 gutters-col-v-0\">\r\n          <!---->\r\n          <div class=\"h-column h-column-container d-flex h-col-lg-auto h-col-md-auto h-col-auto align-self-lg-end align-self-md-end align-self-end style-2069-outer style-local-5855-c4-outer\">\r\n            <div data-colibri-id=\"5855-c4\" class=\"d-flex h-flex-basis h-column__inner h-ui-empty-state-container h-px-lg-0 h-px-md-0 h-px-0 v-inner-lg-0 v-inner-md-0 v-inner-0 style-2069 style-local-5855-c4 position-relative\">\r\n              <!---->\r\n              <!---->\r\n              <div class=\"w-100 h-y-container h-column__content h-column__v-align flex-basis-100\">\r\n                <!---->\r\n              <\/div>\r\n            <\/div>\r\n          <\/div>\r\n          <div class=\"h-column h-column-container d-flex h-col-lg-auto h-col-md-auto h-col-auto align-self-lg-end align-self-md-end align-self-end style-2070-outer style-local-5855-c5-outer\">\r\n            <div data-colibri-id=\"5855-c5\" class=\"d-flex h-flex-basis h-column__inner h-ui-empty-state-container h-px-lg-0 h-px-md-0 h-px-0 v-inner-lg-0 v-inner-md-0 v-inner-0 style-2070 style-local-5855-c5 position-relative\">\r\n              <!---->\r\n              <!---->\r\n              <div class=\"w-100 h-y-container h-column__content h-column__v-align flex-basis-100\">\r\n                <!---->\r\n              <\/div>\r\n            <\/div>\r\n          <\/div>\r\n          <div class=\"h-column h-column-container d-flex h-col-lg-auto h-col-md-auto h-col-auto align-self-lg-end align-self-md-end align-self-end style-2071-outer style-local-5855-c6-outer\">\r\n            <div data-colibri-id=\"5855-c6\" class=\"d-flex h-flex-basis h-column__inner h-ui-empty-state-container h-px-lg-0 h-px-md-0 h-px-0 v-inner-lg-0 v-inner-md-0 v-inner-0 style-2071 style-local-5855-c6 position-relative\">\r\n              <!---->\r\n              <!---->\r\n              <div class=\"w-100 h-y-container h-column__content h-column__v-align flex-basis-100\">\r\n                <!---->\r\n              <\/div>\r\n            <\/div>\r\n          <\/div>\r\n        <\/div>\r\n      <\/div>\r\n    <\/div>\r\n  <\/div>\r\n  <div data-colibri-component=\"section\" data-colibri-id=\"5855-c14\" id=\"reusable-sections\" class=\"h-section h-section-global-spacing d-flex align-items-lg-center align-items-md-center align-items-center style-2079 style-local-5855-c14 position-relative\">\r\n    <div class=\"background-wrapper\">\r\n      <div class=\"background-layer background-layer-media-container-lg\">\r\n        <!---->\r\n        <div class=\"overlay-layer\">\r\n          <div class=\"overlay-image-layer\" style=\"background-color: rgb(255, 255, 255); opacity: 0.59;\"><\/div>\r\n        <\/div>\r\n      <\/div>\r\n      <div class=\"background-layer background-layer-media-container-md\">\r\n        <!---->\r\n        <div class=\"overlay-layer\">\r\n          <div class=\"overlay-image-layer\" style=\"background-color: rgb(255, 255, 255); opacity: 0.59;\"><\/div>\r\n        <\/div>\r\n      <\/div>\r\n      <div class=\"background-layer background-layer-media-container\">\r\n        <!---->\r\n        <div class=\"overlay-layer\">\r\n          <div class=\"overlay-image-layer\" style=\"background-color: rgb(255, 255, 255); opacity: 0.59;\"><\/div>\r\n        <\/div>\r\n      <\/div>\r\n    <\/div>\r\n    <!---->\r\n    <div class=\"h-section-grid-container h-section-boxed-container\">\r\n      <!---->\r\n      <div data-colibri-id=\"5855-c15\" class=\"h-row-container gutters-row-lg-2 gutters-row-md-2 gutters-row-0 gutters-row-v-lg-2 gutters-row-v-md-2 gutters-row-v-2 style-2080 style-local-5855-c15 position-relative\">\r\n        <!---->\r\n        <div class=\"h-row justify-content-lg-center justify-content-md-center justify-content-center align-items-lg-stretch align-items-md-stretch align-items-stretch gutters-col-lg-2 gutters-col-md-2 gutters-col-0 gutters-col-v-lg-2 gutters-col-v-md-2 gutters-col-v-2\">\r\n          <!---->\r\n          <div class=\"h-column h-column-container d-flex h-col-lg-auto h-col-md-auto h-col-auto style-2081-outer style-local-5855-c16-outer\">\r\n            <div data-colibri-id=\"5855-c16\" class=\"d-flex h-flex-basis h-column__inner h-px-lg-3 h-px-md-3 h-px-3 v-inner-lg-3 v-inner-md-3 v-inner-3 style-2081 style-local-5855-c16 position-relative\">\r\n              <!---->\r\n              <!---->\r\n              <div class=\"w-100 h-y-container h-column__content h-column__v-align flex-basis-100 align-self-lg-start align-self-md-start align-self-start\">\r\n                <!---->\r\n                <div data-colibri-id=\"5855-c17\" class=\"h-global-transition-all h-heading style-2082 style-local-5855-c17 position-relative h-element\">\r\n                  <!---->\r\n                  <div class=\"h-heading__outer style-2082 style-local-5855-c17\">\r\n                    <!---->\r\n                    <!---->\r\n                    <h2 class=\"\">Pour + d&rsquo;informations<\/h2>\r\n                  <\/div>\r\n                <\/div>\r\n                <div data-colibri-id=\"5855-c18\" class=\"h-x-container style-2083 style-local-5855-c18 position-relative h-element\">\r\n                  <!---->\r\n                  <div class=\"h-x-container-inner style-dynamic-5855-c18-group style-2083-spacing style-local-5855-c18-spacing\"><span class=\"h-button__outer style-2084-outer style-local-5855-c19-outer d-inline-flex h-element\"><a h-use-smooth-scroll=\"true\" href=\"https:\/\/rivershop.fr\/?page_id=4275\" target=\"_blank\" data-colibri-id=\"5855-c19\" class=\"d-flex w-100 align-items-center h-button justify-content-lg-center justify-content-md-center justify-content-center style-2084 style-local-5855-c19 position-relative\" rel=\"noopener\"><!----><!----> <span>contactez nous<\/span><\/a>\r\n                    <\/span>\r\n                  <\/div>\r\n                <\/div>\r\n              <\/div>\r\n            <\/div>\r\n          <\/div>\r\n        <\/div>\r\n      <\/div>\r\n    <\/div>\r\n  <\/div>\r\n  <div data-colibri-component=\"section\" data-colibri-id=\"5855-c20\" id=\"reusable-sections-2\" class=\"h-section h-section-global-spacing d-flex align-items-lg-center align-items-md-center align-items-center style-2085 style-local-5855-c20 position-relative\">\r\n    <div class=\"background-wrapper\">\r\n      <div class=\"background-layer background-layer-media-container-lg\">\r\n        <div data-enabled=\"true\" data-colibri-component=\"parallax\" class=\"background-layer paraxify\" model-id=\"5855-c20\" media=\"desktop\" is-preview=\"true\" style=\"background-image: url(&quot;https:\/\/rivershop.fr\/wp-content\/uploads\/2022\/01\/cropped-cropped-cropped-cropped-cropped-R.0fc0b285937c2b30eeb3a7fd7597a7bc-scaled-1-1.jpeg&quot;);\"><\/div>\r\n        <div class=\"overlay-layer\">\r\n          <div class=\"overlay-image-layer\" style=\"background-color: rgb(0, 0, 0); opacity: 0.5;\"><\/div>\r\n        <\/div>\r\n      <\/div>\r\n      <div class=\"background-layer background-layer-media-container-md\">\r\n        <!---->\r\n        <div class=\"overlay-layer\">\r\n          <div class=\"overlay-image-layer\" style=\"background-color: rgb(0, 0, 0); opacity: 0.5;\"><\/div>\r\n        <\/div>\r\n      <\/div>\r\n      <div class=\"background-layer background-layer-media-container\">\r\n        <!---->\r\n        <div class=\"overlay-layer\">\r\n          <div class=\"overlay-image-layer\" style=\"background-color: rgb(0, 0, 0); opacity: 0.5;\"><\/div>\r\n        <\/div>\r\n      <\/div>\r\n    <\/div>\r\n    <!---->\r\n    <div class=\"h-section-grid-container h-section-boxed-container\">\r\n      <!---->\r\n      <div data-colibri-id=\"5855-c21\" class=\"h-row-container gutters-row-lg-2 gutters-row-md-2 gutters-row-0 gutters-row-v-lg-2 gutters-row-v-md-2 gutters-row-v-2 style-2086 style-local-5855-c21 position-relative\">\r\n        <!---->\r\n        <div class=\"h-row justify-content-lg-center justify-content-md-center justify-content-center align-items-lg-stretch align-items-md-stretch align-items-stretch gutters-col-lg-2 gutters-col-md-2 gutters-col-0 gutters-col-v-lg-2 gutters-col-v-md-2 gutters-col-v-2\">\r\n          <!---->\r\n          <div class=\"h-column h-column-container d-flex h-col-lg-auto h-col-md-auto h-col-auto style-2087-outer style-local-5855-c22-outer\">\r\n            <div data-colibri-id=\"5855-c22\" class=\"d-flex h-flex-basis h-column__inner h-px-lg-0 h-px-md-0 h-px-2 v-inner-lg-0 v-inner-md-0 v-inner-2 style-2087 style-local-5855-c22 position-relative\">\r\n              <!---->\r\n              <!---->\r\n              <div class=\"w-100 h-y-container h-column__content h-column__v-align flex-basis-100 align-self-lg-start align-self-md-start align-self-start\">\r\n                <!---->\r\n                <div data-colibri-id=\"5855-c23\" class=\"h-global-transition-all h-heading style-2088 style-local-5855-c23 position-relative h-element\">\r\n                  <!---->\r\n                  <div class=\"h-heading__outer style-2088 style-local-5855-c23\">\r\n                    <!---->\r\n                    <!---->\r\n                    <a href=\"https:\/\/rivershop.fr\/?page_id=4359\" h-use-smooth-scroll=\"true\">\r\n                      <h2 class=\"\">Envie d&rsquo;une autre activit\u00e9 encadr\u00e9e ?<\/h2>\r\n                    <\/a>\r\n                  <\/div>\r\n                <\/div>\r\n                <div data-colibri-id=\"5855-c24\" class=\"h-x-container style-2089 style-local-5855-c24 position-relative h-element\">\r\n                  <!---->\r\n                  <div class=\"h-x-container-inner style-dynamic-5855-c24-group style-2089-spacing style-local-5855-c24-spacing\"><span class=\"h-button__outer style-2090-outer style-local-5855-c25-outer d-inline-flex h-element\"><a h-use-smooth-scroll=\"true\" href=\"https:\/\/rivershop.fr\/?page_id=5868\" target=\"_blank\" data-colibri-id=\"5855-c25\" class=\"d-flex w-100 align-items-center h-button justify-content-lg-center justify-content-md-center justify-content-center style-2090 style-local-5855-c25 position-relative\" rel=\"noopener\"><!----><span  class=\"h-svg-icon h-button__icon style-2090-icon style-local-5855-c25-icon\"><!--Icon by Font Awesome (https:\/\/fontawesome.com)--><svg version=\"1.1\" xmlns=\"http:\/\/www.w3.org\/2000\/svg\" xmlns:xlink=\"http:\/\/www.w3.org\/1999\/xlink\" id=\"chevron-right\" viewBox=\"0 0 1280 1896.0833\"><path d=\"M1107 877l-742 742q-19 19-45 19t-45-19l-166-166q-19-19-19-45t19-45l531-531-531-531q-19-19-19-45t19-45L275 45q19-19 45-19t45 19l742 742q19 19 19 45t-19 45z\"><\/path><\/svg><\/span>                    <span>Snow party<\/span><\/a>\r\n                    <\/span><span class=\"h-button__outer style-2090-outer style-local-5855-c26-outer d-inline-flex h-element\"><a h-use-smooth-scroll=\"true\" href=\"https:\/\/rivershop.fr\/?page_id=5854\" target=\"_blank\" data-colibri-id=\"5855-c26\" class=\"d-flex w-100 align-items-center h-button justify-content-lg-center justify-content-md-center justify-content-center style-2090 style-local-5855-c26 position-relative\" rel=\"noopener\"><!----><span  class=\"h-svg-icon h-button__icon style-2090-icon style-local-5855-c26-icon\"><!--Icon by Font Awesome (https:\/\/fontawesome.com)--><svg version=\"1.1\" xmlns=\"http:\/\/www.w3.org\/2000\/svg\" xmlns:xlink=\"http:\/\/www.w3.org\/1999\/xlink\" id=\"chevron-right\" viewBox=\"0 0 1280 1896.0833\"><path d=\"M1107 877l-742 742q-19 19-45 19t-45-19l-166-166q-19-19-19-45t19-45l531-531-531-531q-19-19-19-45t19-45L275 45q19-19 45-19t45 19l742 742q19 19 19 45t-19 45z\"><\/path><\/svg><\/span>                    <span>Randonn\u00e9e VTT<\/span><\/a>\r\n                    <\/span><span class=\"h-button__outer style-2090-outer style-local-5855-c27-outer d-inline-flex h-element\"><a h-use-smooth-scroll=\"true\" href=\"https:\/\/rivershop.fr\/?page_id=5863\" target=\"_blank\" data-colibri-id=\"5855-c27\" class=\"d-flex w-100 align-items-center h-button justify-content-lg-center justify-content-md-center justify-content-center style-2090 style-local-5855-c27 position-relative\" rel=\"noopener\"><!----><span  class=\"h-svg-icon h-button__icon style-2090-icon style-local-5855-c27-icon\"><!--Icon by Font Awesome (https:\/\/fontawesome.com)--><svg version=\"1.1\" xmlns=\"http:\/\/www.w3.org\/2000\/svg\" xmlns:xlink=\"http:\/\/www.w3.org\/1999\/xlink\" id=\"chevron-right\" viewBox=\"0 0 1280 1896.0833\"><path d=\"M1107 877l-742 742q-19 19-45 19t-45-19l-166-166q-19-19-19-45t19-45l531-531-531-531q-19-19-19-45t19-45L275 45q19-19 45-19t45 19l742 742q19 19 19 45t-19 45z\"><\/path><\/svg><\/span>                    <span>Descante de l&rsquo;Ain<\/span><\/a>\r\n                    <\/span>\r\n                  <\/div>\r\n                <\/div>\r\n              <\/div>\r\n            <\/div>\r\n          <\/div>\r\n        <\/div>\r\n      <\/div>\r\n    <\/div>\r\n  <\/div>\r\n<\/div>","protected":false},"excerpt":{"rendered":"<p>Activit\u00e9s sportives loisirs encadr\u00e9es D\u00e9couvrez les myst\u00e8res de la&nbsp;sp\u00e9l\u00e9ologie&nbsp;en explorant les cavit\u00e9s souterraines ! La sp\u00e9l\u00e9ologie consiste \u00e0 explorer ,\u00e9tudier et visiter les cavit\u00e9s souterraines, naturelles, ou artificielles. Encadr\u00e9es par un ou plusieurs guides dipl\u00f4m\u00e9s d&rsquo;\u00e9tat ils ne manqueront pas de vous faire d\u00e9couvrir tous les secrets de la sp\u00e9l\u00e9ologie . Plusieurs cavit\u00e9s vous sont [&hellip;]<\/p>\n","protected":false},"author":1,"featured_media":0,"parent":0,"menu_order":0,"comment_status":"closed","ping_status":"closed","template":"page-templates\/full-width-page.php","meta":{"footnotes":""},"class_list":["post-5855","page","type-page","status-publish","hentry"],"yoast_head":"<!-- This site is optimized with the Yoast SEO plugin v27.4 - https:\/\/yoast.com\/product\/yoast-seo-wordpress\/ -->\n<title>Sp\u00e9l\u00e9ologie - Rivershop<\/title>\n<meta name=\"description\" content=\"D\u00e9couvrez les myst\u00e8res souterrains du d\u00e9partement de l&#039;Ain gr\u00e2ce \u00e0 l&#039;activit\u00e9 de sp\u00e9l\u00e9ologie encadr\u00e9e par un moniteur dipl\u00f4m\u00e9s d&#039;\u00e9tat !\" \/>\n<meta name=\"robots\" content=\"index, follow, max-snippet:-1, max-image-preview:large, max-video-preview:-1\" \/>\n<link rel=\"canonical\" href=\"https:\/\/rivershop.fr\/?page_id=5855\" \/>\n<meta property=\"og:locale\" content=\"fr_FR\" \/>\n<meta property=\"og:type\" content=\"article\" \/>\n<meta property=\"og:title\" content=\"Sp\u00e9l\u00e9ologie - Rivershop\" \/>\n<meta property=\"og:description\" content=\"D\u00e9couvrez les myst\u00e8res souterrains du d\u00e9partement de l&#039;Ain gr\u00e2ce \u00e0 l&#039;activit\u00e9 de sp\u00e9l\u00e9ologie encadr\u00e9e par un moniteur dipl\u00f4m\u00e9s d&#039;\u00e9tat !\" \/>\n<meta property=\"og:url\" content=\"https:\/\/rivershop.fr\/?page_id=5855\" \/>\n<meta property=\"og:site_name\" content=\"Rivershop\" \/>\n<meta property=\"article:modified_time\" content=\"2024-01-09T13:32:50+00:00\" \/>\n<meta name=\"twitter:card\" content=\"summary_large_image\" \/>\n<meta name=\"twitter:label1\" content=\"Dur\u00e9e de lecture estim\u00e9e\" \/>\n\t<meta name=\"twitter:data1\" content=\"1 minute\" \/>\n<script type=\"application\/ld+json\" class=\"yoast-schema-graph\">{\"@context\":\"https:\\\/\\\/schema.org\",\"@graph\":[{\"@type\":\"WebPage\",\"@id\":\"https:\\\/\\\/rivershop.fr\\\/?page_id=5855\",\"url\":\"https:\\\/\\\/rivershop.fr\\\/?page_id=5855\",\"name\":\"Sp\u00e9l\u00e9ologie - Rivershop\",\"isPartOf\":{\"@id\":\"https:\\\/\\\/rivershop.fr\\\/#website\"},\"datePublished\":\"2022-04-09T16:48:40+00:00\",\"dateModified\":\"2024-01-09T13:32:50+00:00\",\"description\":\"D\u00e9couvrez les myst\u00e8res souterrains du d\u00e9partement de l'Ain gr\u00e2ce \u00e0 l'activit\u00e9 de sp\u00e9l\u00e9ologie encadr\u00e9e par un moniteur dipl\u00f4m\u00e9s d'\u00e9tat !\",\"breadcrumb\":{\"@id\":\"https:\\\/\\\/rivershop.fr\\\/?page_id=5855#breadcrumb\"},\"inLanguage\":\"fr-FR\",\"potentialAction\":[{\"@type\":\"ReadAction\",\"target\":[\"https:\\\/\\\/rivershop.fr\\\/?page_id=5855\"]}]},{\"@type\":\"BreadcrumbList\",\"@id\":\"https:\\\/\\\/rivershop.fr\\\/?page_id=5855#breadcrumb\",\"itemListElement\":[{\"@type\":\"ListItem\",\"position\":1,\"name\":\"Accueil\",\"item\":\"https:\\\/\\\/rivershop.fr\\\/\"},{\"@type\":\"ListItem\",\"position\":2,\"name\":\"Sp\u00e9l\u00e9ologie\"}]},{\"@type\":\"WebSite\",\"@id\":\"https:\\\/\\\/rivershop.fr\\\/#website\",\"url\":\"https:\\\/\\\/rivershop.fr\\\/\",\"name\":\"Rivershop\",\"description\":\"Terre d&#039;aventures\",\"publisher\":{\"@id\":\"https:\\\/\\\/rivershop.fr\\\/#organization\"},\"potentialAction\":[{\"@type\":\"SearchAction\",\"target\":{\"@type\":\"EntryPoint\",\"urlTemplate\":\"https:\\\/\\\/rivershop.fr\\\/?s={search_term_string}\"},\"query-input\":{\"@type\":\"PropertyValueSpecification\",\"valueRequired\":true,\"valueName\":\"search_term_string\"}}],\"inLanguage\":\"fr-FR\"},{\"@type\":\"Organization\",\"@id\":\"https:\\\/\\\/rivershop.fr\\\/#organization\",\"name\":\"RIVERSHOP\",\"url\":\"https:\\\/\\\/rivershop.fr\\\/\",\"logo\":{\"@type\":\"ImageObject\",\"inLanguage\":\"fr-FR\",\"@id\":\"https:\\\/\\\/rivershop.fr\\\/#\\\/schema\\\/logo\\\/image\\\/\",\"url\":\"https:\\\/\\\/rivershop.fr\\\/wp-content\\\/uploads\\\/2022\\\/04\\\/Bleu.png\",\"contentUrl\":\"https:\\\/\\\/rivershop.fr\\\/wp-content\\\/uploads\\\/2022\\\/04\\\/Bleu.png\",\"width\":1422,\"height\":725,\"caption\":\"RIVERSHOP\"},\"image\":{\"@id\":\"https:\\\/\\\/rivershop.fr\\\/#\\\/schema\\\/logo\\\/image\\\/\"}}]}<\/script>\n<!-- \/ Yoast SEO plugin. -->","yoast_head_json":{"title":"Sp\u00e9l\u00e9ologie - Rivershop","description":"D\u00e9couvrez les myst\u00e8res souterrains du d\u00e9partement de l'Ain gr\u00e2ce \u00e0 l'activit\u00e9 de sp\u00e9l\u00e9ologie encadr\u00e9e par un moniteur dipl\u00f4m\u00e9s d'\u00e9tat !","robots":{"index":"index","follow":"follow","max-snippet":"max-snippet:-1","max-image-preview":"max-image-preview:large","max-video-preview":"max-video-preview:-1"},"canonical":"https:\/\/rivershop.fr\/?page_id=5855","og_locale":"fr_FR","og_type":"article","og_title":"Sp\u00e9l\u00e9ologie - Rivershop","og_description":"D\u00e9couvrez les myst\u00e8res souterrains du d\u00e9partement de l'Ain gr\u00e2ce \u00e0 l'activit\u00e9 de sp\u00e9l\u00e9ologie encadr\u00e9e par un moniteur dipl\u00f4m\u00e9s d'\u00e9tat !","og_url":"https:\/\/rivershop.fr\/?page_id=5855","og_site_name":"Rivershop","article_modified_time":"2024-01-09T13:32:50+00:00","twitter_card":"summary_large_image","twitter_misc":{"Dur\u00e9e de lecture estim\u00e9e":"1 minute"},"schema":{"@context":"https:\/\/schema.org","@graph":[{"@type":"WebPage","@id":"https:\/\/rivershop.fr\/?page_id=5855","url":"https:\/\/rivershop.fr\/?page_id=5855","name":"Sp\u00e9l\u00e9ologie - Rivershop","isPartOf":{"@id":"https:\/\/rivershop.fr\/#website"},"datePublished":"2022-04-09T16:48:40+00:00","dateModified":"2024-01-09T13:32:50+00:00","description":"D\u00e9couvrez les myst\u00e8res souterrains du d\u00e9partement de l'Ain gr\u00e2ce \u00e0 l'activit\u00e9 de sp\u00e9l\u00e9ologie encadr\u00e9e par un moniteur dipl\u00f4m\u00e9s d'\u00e9tat !","breadcrumb":{"@id":"https:\/\/rivershop.fr\/?page_id=5855#breadcrumb"},"inLanguage":"fr-FR","potentialAction":[{"@type":"ReadAction","target":["https:\/\/rivershop.fr\/?page_id=5855"]}]},{"@type":"BreadcrumbList","@id":"https:\/\/rivershop.fr\/?page_id=5855#breadcrumb","itemListElement":[{"@type":"ListItem","position":1,"name":"Accueil","item":"https:\/\/rivershop.fr\/"},{"@type":"ListItem","position":2,"name":"Sp\u00e9l\u00e9ologie"}]},{"@type":"WebSite","@id":"https:\/\/rivershop.fr\/#website","url":"https:\/\/rivershop.fr\/","name":"Rivershop","description":"Terre d&#039;aventures","publisher":{"@id":"https:\/\/rivershop.fr\/#organization"},"potentialAction":[{"@type":"SearchAction","target":{"@type":"EntryPoint","urlTemplate":"https:\/\/rivershop.fr\/?s={search_term_string}"},"query-input":{"@type":"PropertyValueSpecification","valueRequired":true,"valueName":"search_term_string"}}],"inLanguage":"fr-FR"},{"@type":"Organization","@id":"https:\/\/rivershop.fr\/#organization","name":"RIVERSHOP","url":"https:\/\/rivershop.fr\/","logo":{"@type":"ImageObject","inLanguage":"fr-FR","@id":"https:\/\/rivershop.fr\/#\/schema\/logo\/image\/","url":"https:\/\/rivershop.fr\/wp-content\/uploads\/2022\/04\/Bleu.png","contentUrl":"https:\/\/rivershop.fr\/wp-content\/uploads\/2022\/04\/Bleu.png","width":1422,"height":725,"caption":"RIVERSHOP"},"image":{"@id":"https:\/\/rivershop.fr\/#\/schema\/logo\/image\/"}}]}},"jetpack_sharing_enabled":true,"_links":{"self":[{"href":"https:\/\/rivershop.fr\/index.php?rest_route=\/wp\/v2\/pages\/5855","targetHints":{"allow":["GET"]}}],"collection":[{"href":"https:\/\/rivershop.fr\/index.php?rest_route=\/wp\/v2\/pages"}],"about":[{"href":"https:\/\/rivershop.fr\/index.php?rest_route=\/wp\/v2\/types\/page"}],"author":[{"embeddable":true,"href":"https:\/\/rivershop.fr\/index.php?rest_route=\/wp\/v2\/users\/1"}],"replies":[{"embeddable":true,"href":"https:\/\/rivershop.fr\/index.php?rest_route=%2Fwp%2Fv2%2Fcomments&post=5855"}],"version-history":[{"count":9,"href":"https:\/\/rivershop.fr\/index.php?rest_route=\/wp\/v2\/pages\/5855\/revisions"}],"predecessor-version":[{"id":10075,"href":"https:\/\/rivershop.fr\/index.php?rest_route=\/wp\/v2\/pages\/5855\/revisions\/10075"}],"wp:attachment":[{"href":"https:\/\/rivershop.fr\/index.php?rest_route=%2Fwp%2Fv2%2Fmedia&parent=5855"}],"curies":[{"name":"wp","href":"https:\/\/api.w.org\/{rel}","templated":true}]}}